{"id":299,"date":"2021-11-14T01:42:25","date_gmt":"2021-11-14T01:42:25","guid":{"rendered":"https:\/\/themenectar.com\/salient\/architect\/?page_id=6"},"modified":"2024-08-31T08:03:52","modified_gmt":"2024-08-31T08:03:52","slug":"about-us","status":"publish","type":"page","link":"https:\/\/topbrokeris.eu\/lt_LT\/about-us\/","title":{"rendered":"Apie mus"},"content":{"rendered":"[vc_row type=&#8221;full_width_content&#8221; full_screen_row_position=&#8221;middle&#8221; column_margin=&#8221;default&#8221; column_direction=&#8221;default&#8221; column_direction_tablet=&#8221;default&#8221; column_direction_phone=&#8221;default&#8221; scene_position=&#8221;center&#8221; top_padding=&#8221;10%&#8221; bottom_padding=&#8221;5%&#8221; left_padding_desktop=&#8221;27%&#8221; constrain_group_2=&#8221;yes&#8221; right_padding_desktop=&#8221;27%&#8221; top_padding_tablet=&#8221;20%&#8221; bottom_padding_tablet=&#8221;10%&#8221; left_padding_tablet=&#8221;20%&#8221; constrain_group_4=&#8221;yes&#8221; right_padding_tablet=&#8221;20%&#8221; left_padding_phone=&#8221;6%&#8221; constrain_group_6=&#8221;yes&#8221; right_padding_phone=&#8221;6%&#8221; text_color=&#8221;dark&#8221; text_align=&#8221;left&#8221; row_border_radius=&#8221;none&#8221; row_border_radius_applies=&#8221;bg&#8221; overflow=&#8221;visible&#8221; advanced_gradient_angle=&#8221;0&#8243; overlay_strength=&#8221;0.3&#8243; gradient_direction=&#8221;left_to_right&#8221; shape_divider_position=&#8221;bottom&#8221; bg_image_animation=&#8221;none&#8221; gradient_type=&#8221;default&#8221; shape_type=&#8221;&#8221;][vc_column column_padding=&#8221;no-extra-padding&#8221; column_padding_tablet=&#8221;inherit&#8221; column_padding_phone=&#8221;inherit&#8221; column_padding_position=&#8221;all&#8221; column_element_spacing=&#8221;0px&#8221; centered_text=&#8221;true&#8221; background_color_opacity=&#8221;1&#8243; background_hover_color_opacity=&#8221;1&#8243; column_shadow=&#8221;none&#8221; column_border_radius=&#8221;none&#8221; column_link_target=&#8221;_self&#8221; column_position=&#8221;default&#8221; advanced_gradient_angle=&#8221;0&#8243; gradient_direction=&#8221;left_to_right&#8221; overlay_strength=&#8221;0.3&#8243; width=&#8221;1\/1&#8243; tablet_width_inherit=&#8221;default&#8221; tablet_text_alignment=&#8221;default&#8221; phone_text_alignment=&#8221;default&#8221; animation_type=&#8221;default&#8221; bg_image_animation=&#8221;none&#8221; border_type=&#8221;simple&#8221; column_border_width=&#8221;none&#8221; column_border_style=&#8221;solid&#8221; gradient_type=&#8221;default&#8221;][vc_row_inner column_margin=&#8221;20px&#8221; column_direction=&#8221;default&#8221; column_direction_tablet=&#8221;default&#8221; column_direction_phone=&#8221;default&#8221; text_align=&#8221;left&#8221; row_position=&#8221;default&#8221; row_position_tablet=&#8221;inherit&#8221; row_position_phone=&#8221;inherit&#8221; overflow=&#8221;visible&#8221; pointer_events=&#8221;all&#8221;][vc_column_inner column_padding=&#8221;no-extra-padding&#8221; column_padding_tablet=&#8221;inherit&#8221; column_padding_phone=&#8221;inherit&#8221; column_padding_position=&#8221;all&#8221; bottom_margin=&#8221;20&#8243; column_element_spacing=&#8221;0px&#8221; background_color_opacity=&#8221;1&#8243; background_hover_color_opacity=&#8221;1&#8243; column_shadow=&#8221;none&#8221; column_border_radius=&#8221;none&#8221; column_link_target=&#8221;_self&#8221; advanced_gradient_angle=&#8221;0&#8243; gradient_direction=&#8221;left_to_right&#8221; overlay_strength=&#8221;0.3&#8243; width=&#8221;1\/1&#8243; tablet_width_inherit=&#8221;default&#8221; animation_type=&#8221;default&#8221; enable_animation=&#8221;true&#8221; animation=&#8221;fade-in-from-bottom&#8221; bg_image_animation=&#8221;none&#8221; border_type=&#8221;simple&#8221; column_border_width=&#8221;none&#8221; column_border_style=&#8221;solid&#8221; gradient_type=&#8221;default&#8221; animation_offset=&#8221;80%&#8221;][vc_column_text]\n<h5>APIE MUS<\/h5>\n[\/vc_column_text][\/vc_column_inner][\/vc_row_inner][split_line_heading animation_type=&#8221;line-reveal-by-space&#8221; font_style=&#8221;h1&#8243; line_reveal_by_space_text_effect=&#8221;default&#8221; stagger_animation=&#8221;true&#8221; content_alignment=&#8221;default&#8221; mobile_content_alignment=&#8221;inherit&#8221; link_target=&#8221;_self&#8221; text_content=&#8221;Esame profesionali Nekilnojamo turto agent\u016bra&#8221; font_size=&#8221;4vw&#8221; font_size_phone=&#8221;10vw&#8221;][\/split_line_heading][\/vc_column][\/vc_row][vc_row type=&#8221;full_width_content&#8221; full_screen_row_position=&#8221;middle&#8221; column_margin=&#8221;default&#8221; column_direction=&#8221;default&#8221; column_direction_tablet=&#8221;default&#8221; column_direction_phone=&#8221;default&#8221; scene_position=&#8221;center&#8221; top_padding=&#8221;5%&#8221; bottom_padding=&#8221;5%&#8221; left_padding_desktop=&#8221;6%&#8221; constrain_group_2=&#8221;yes&#8221; right_padding_desktop=&#8221;6%&#8221; top_padding_tablet=&#8221;10%&#8221; constrain_group_3=&#8221;yes&#8221; bottom_padding_tablet=&#8221;10%&#8221; text_color=&#8221;dark&#8221; text_align=&#8221;left&#8221; row_border_radius=&#8221;none&#8221; row_border_radius_applies=&#8221;bg&#8221; overflow=&#8221;visible&#8221; id=&#8221;team&#8221; advanced_gradient_angle=&#8221;0&#8243; overlay_strength=&#8221;0.3&#8243; gradient_direction=&#8221;left_to_right&#8221; shape_divider_position=&#8221;bottom&#8221; bg_image_animation=&#8221;none&#8221; gradient_type=&#8221;default&#8221; shape_type=&#8221;&#8221;][vc_column column_padding=&#8221;no-extra-padding&#8221; column_padding_tablet=&#8221;inherit&#8221; column_padding_phone=&#8221;inherit&#8221; column_padding_position=&#8221;all&#8221; column_element_spacing=&#8221;default&#8221; sticky_content=&#8221;true&#8221; sticky_content_functionality=&#8221;css&#8221; sticky_content_alignment=&#8221;default&#8221; background_color_opacity=&#8221;1&#8243; background_hover_color_opacity=&#8221;1&#8243; column_shadow=&#8221;none&#8221; column_border_radius=&#8221;none&#8221; column_link_target=&#8221;_self&#8221; column_position=&#8221;default&#8221; advanced_gradient_angle=&#8221;0&#8243; gradient_direction=&#8221;left_to_right&#8221; overlay_strength=&#8221;0.3&#8243; width=&#8221;1\/3&#8243; tablet_width_inherit=&#8221;default&#8221; tablet_text_alignment=&#8221;default&#8221; phone_text_alignment=&#8221;default&#8221; animation_type=&#8221;default&#8221; enable_animation=&#8221;true&#8221; animation=&#8221;fade-in-from-bottom&#8221; bg_image_animation=&#8221;none&#8221; border_type=&#8221;simple&#8221; column_border_width=&#8221;none&#8221; column_border_style=&#8221;solid&#8221; gradient_type=&#8221;default&#8221;][split_line_heading animation_type=&#8221;line-reveal-by-space&#8221; font_style=&#8221;h2&#8243; line_reveal_by_space_text_effect=&#8221;none&#8221; content_alignment=&#8221;default&#8221; mobile_content_alignment=&#8221;inherit&#8221; link_target=&#8221;_self&#8221; text_content=&#8221;Susipa\u017einkite su komanda&#8221; font_size=&#8221;3vw&#8221;][\/split_line_heading][split_line_heading animation_type=&#8221;line-reveal-by-space&#8221; font_style=&#8221;p&#8221; line_reveal_by_space_text_effect=&#8221;none&#8221; content_alignment=&#8221;default&#8221; mobile_content_alignment=&#8221;inherit&#8221; link_target=&#8221;_self&#8221; text_content=&#8221;M\u016bs\u0173 prana\u0161umai:<br \/>\nPaprastas, pozityvus ir ai\u0161kus bendradarbiavimas, prieinamos paslaug\u0173 kainos, atliekame visas NT paslaugas, dirbame greitai, pirmieji NT agentur\u0173 veikloje naudojame i\u0161man\u0173j\u012f intelekt\u0105.<br \/>\nTeikiame plataus spektro paslaugas:<br \/>\nNT fotosesijos, 2D\/3D NT planai ir vizualizacijos, Dizaineri\u0173, Matinink\u0173, Notar\u0173 ir Teisinink\u0173 paslaugos.<br \/>\nBendradarbiaujame su partneriais Europoje ir kituose regionuose.<br \/>\nPad\u0117sime saugiai investuoti \u012f NT u\u017esienio rinkoje.<br \/>\nKonsultuojame NT klausimais.&#8221; font_size=&#8221;1.1vw&#8221; font_line_height=&#8221;1.7&#8243; font_size_tablet=&#8221;18&#8243; font_size_phone=&#8221;16&#8243;][\/split_line_heading][\/vc_column][vc_column column_padding=&#8221;padding-6-percent&#8221; column_padding_tablet=&#8221;no-extra-padding&#8221; column_padding_phone=&#8221;no-extra-padding&#8221; column_padding_position=&#8221;left&#8221; column_element_spacing=&#8221;0px&#8221; background_color_opacity=&#8221;1&#8243; background_hover_color_opacity=&#8221;1&#8243; column_shadow=&#8221;none&#8221; column_border_radius=&#8221;none&#8221; column_link_target=&#8221;_self&#8221; column_position=&#8221;default&#8221; advanced_gradient_angle=&#8221;0&#8243; gradient_direction=&#8221;left_to_right&#8221; overlay_strength=&#8221;0.3&#8243; width=&#8221;2\/3&#8243; tablet_width_inherit=&#8221;default&#8221; tablet_text_alignment=&#8221;default&#8221; phone_text_alignment=&#8221;default&#8221; animation_type=&#8221;default&#8221; bg_image_animation=&#8221;none&#8221; border_type=&#8221;simple&#8221; column_border_width=&#8221;none&#8221; column_border_style=&#8221;solid&#8221; gradient_type=&#8221;default&#8221;][vc_row_inner column_margin=&#8221;30px&#8221; column_direction=&#8221;default&#8221; column_direction_tablet=&#8221;default&#8221; column_direction_phone=&#8221;default&#8221; bottom_padding=&#8221;20&#8243; top_padding_tablet=&#8221;40&#8243; bottom_padding_tablet=&#8221;0&#8243; text_align=&#8221;left&#8221; row_position=&#8221;default&#8221; row_position_tablet=&#8221;inherit&#8221; row_position_phone=&#8221;inherit&#8221; overflow=&#8221;visible&#8221; pointer_events=&#8221;all&#8221;][vc_column_inner column_padding=&#8221;no-extra-padding&#8221; column_padding_tablet=&#8221;inherit&#8221; column_padding_phone=&#8221;inherit&#8221; column_padding_position=&#8221;all&#8221; column_element_spacing=&#8221;default&#8221; background_color_opacity=&#8221;1&#8243; background_hover_color_opacity=&#8221;1&#8243; column_shadow=&#8221;none&#8221; column_border_radius=&#8221;none&#8221; column_link_target=&#8221;_self&#8221; advanced_gradient_angle=&#8221;0&#8243; gradient_direction=&#8221;left_to_right&#8221; overlay_strength=&#8221;0.3&#8243; width=&#8221;1\/2&#8243; tablet_width_inherit=&#8221;small_desktop&#8221; animation_type=&#8221;default&#8221; bg_image_animation=&#8221;none&#8221; border_type=&#8221;simple&#8221; column_border_width=&#8221;none&#8221; column_border_style=&#8221;solid&#8221; gradient_type=&#8221;default&#8221;][team_member image_url=&#8221;428&#8243; bio_alt_image_url=&#8221;451&#8243; team_memeber_style=&#8221;bio_fullscreen_alt&#8221; bio_fullscreen_alt_parallax=&#8221;true&#8221; bio_fullscreen_alt_hide_link_arrow=&#8221;true&#8221; image_loading=&#8221;default&#8221; team_member_bio_full_html=&#8221;html&#8221; hide_link_arrow=&#8221;true&#8221; name=&#8221;Miroslav Radevi\u010d&#8221; job_position=&#8221;Direktorius, Vadovas&#8221; image_size=&#8221;full&#8221; social_icon_1=&#8221;fa fa-instagram&#8221; social_link_1=&#8221;https:\/\/www.instagram.com\/top_brokeris\/&#8221; social_icon_2=&#8221;fa fa-facebook&#8221; social_link_2=&#8221;https:\/\/www.facebook.com\/MiroslavRadevicNT&#8221; social_icon_3=&#8221;fa fa-phone&#8221; social_link_3=&#8221;tel:+37069531043&#8243;]Esu Miroslav Radevi\u010d , nekilnojamojo turto brokeris.<\/p>\n<p>Mano misija \u2013 teikti profesionalias tarpininkavimo paslaugas nekilnojamojo turto srityje, b\u016bti klientui patikimu partneriu, konsultuoti pardavimo, nuomos ar \u012fsigijimo\u00a0klausimais.<\/p>\n<p>U\u017esiimdamas but\u0173\/nam\u0173 pardavimu\/nuoma vir\u0161iju\u00a0klient\u0173 l\u016bkes\u010dius.<\/p>\n<p>Esu ambicingas ir motyvuotas brokeris, kuris nuolatos tobulina ir kelia savo profesin\u0119 patirt\u012f NT srityje.<\/p>\n<p>Dirbu su IT kompanijomis, tad nuomininkai, stabil\u0173 atlyginim\u0105 turintys asmenys.<\/p>\n<p>Atstovauju J\u016bs\u0173 interesus derybose, perimu dokument\u0173 tvarkymo proces\u0105 ir u\u017etikrinu greit\u0105 b\u016bsto pardavim\u0105 arba \u012fsigijim\u0105.<\/p>\n<p>Siekiu u\u017esibr\u0117\u017eto tikslo tur\u0117damas veiksm\u0173 plan\u0105, kuris veda s\u0117km\u0117s link.<\/p>\n<p>Ar jau turite savo asmenin\u012f nekilnojamo turto broker\u012f?[\/team_member][\/vc_column_inner][\/vc_row_inner][vc_row_inner column_margin=&#8221;30px&#8221; column_direction=&#8221;default&#8221; column_direction_tablet=&#8221;default&#8221; column_direction_phone=&#8221;default&#8221; text_align=&#8221;left&#8221; row_position=&#8221;default&#8221; row_position_tablet=&#8221;inherit&#8221; row_position_phone=&#8221;inherit&#8221; overflow=&#8221;visible&#8221; pointer_events=&#8221;all&#8221; css=&#8221;.vc_custom_1634415872169{margin-bottom: 0px !important;}&#8221;][vc_column_inner column_padding=&#8221;no-extra-padding&#8221; column_padding_tablet=&#8221;inherit&#8221; column_padding_phone=&#8221;inherit&#8221; column_padding_position=&#8221;all&#8221; column_element_spacing=&#8221;default&#8221; background_color_opacity=&#8221;1&#8243; background_hover_color_opacity=&#8221;1&#8243; column_shadow=&#8221;none&#8221; column_border_radius=&#8221;none&#8221; column_link_target=&#8221;_self&#8221; advanced_gradient_angle=&#8221;0&#8243; gradient_direction=&#8221;left_to_right&#8221; overlay_strength=&#8221;0.3&#8243; width=&#8221;1\/3&#8243; tablet_width_inherit=&#8221;small_desktop&#8221; animation_type=&#8221;default&#8221; bg_image_animation=&#8221;none&#8221; border_type=&#8221;simple&#8221; column_border_width=&#8221;none&#8221; column_border_style=&#8221;solid&#8221; gradient_type=&#8221;default&#8221;][team_member image_url=&#8221;565&#8243; bio_alt_image_url=&#8221;565&#8243; team_memeber_style=&#8221;bio_fullscreen_alt&#8221; bio_fullscreen_alt_parallax=&#8221;true&#8221; bio_fullscreen_alt_hide_link_arrow=&#8221;true&#8221; image_loading=&#8221;default&#8221; team_member_bio_full_html=&#8221;html&#8221; hide_link_arrow=&#8221;true&#8221; name=&#8221;Stanislav Siniavskij&#8221; job_position=&#8221;NT brokeris&#8221; image_size=&#8221;regular&#8221; social_icon_1=&#8221;fa fa-facebook&#8221; social_link_1=&#8221;#&#8221; social_icon_2=&#8221;fa fa-instagram&#8221; social_link_2=&#8221;#&#8221; social_icon_3=&#8221;fa fa-github&#8221; social_link_3=&#8221;#&#8221;][\/team_member][\/vc_column_inner][vc_column_inner column_padding=&#8221;no-extra-padding&#8221; column_padding_tablet=&#8221;inherit&#8221; column_padding_phone=&#8221;inherit&#8221; column_padding_position=&#8221;all&#8221; column_element_spacing=&#8221;default&#8221; background_color_opacity=&#8221;1&#8243; background_hover_color_opacity=&#8221;1&#8243; column_shadow=&#8221;none&#8221; column_border_radius=&#8221;none&#8221; column_link_target=&#8221;_self&#8221; advanced_gradient_angle=&#8221;0&#8243; gradient_direction=&#8221;left_to_right&#8221; overlay_strength=&#8221;0.3&#8243; width=&#8221;1\/3&#8243; tablet_width_inherit=&#8221;small_desktop&#8221; animation_type=&#8221;default&#8221; bg_image_animation=&#8221;none&#8221; border_type=&#8221;simple&#8221; column_border_width=&#8221;none&#8221; column_border_style=&#8221;solid&#8221; gradient_type=&#8221;default&#8221;][team_member image_url=&#8221;453&#8243; bio_alt_image_url=&#8221;453&#8243; team_memeber_style=&#8221;bio_fullscreen_alt&#8221; bio_fullscreen_alt_parallax=&#8221;true&#8221; bio_fullscreen_alt_hide_link_arrow=&#8221;true&#8221; image_loading=&#8221;default&#8221; team_member_bio_full_html=&#8221;html&#8221; hide_link_arrow=&#8221;true&#8221; name=&#8221;Art\u016br Korklinevskij&#8221; job_position=&#8221;NT brokeris&#8221; image_size=&#8221;regular&#8221; social_icon_1=&#8221;fa fa-instagram&#8221; social_link_1=&#8221;#&#8221;][\/team_member][\/vc_column_inner][\/vc_row_inner][\/vc_column][\/vc_row]\n","protected":false},"excerpt":{"rendered":"<p>[vc_row type=&#8221;full_width_content&#8221; full_screen_row_position=&#8221;middle&#8221; column_margin=&#8221;default&#8221; column_direction=&#8221;default&#8221; column_direction_tablet=&#8221;default&#8221; column_direction_phone=&#8221;default&#8221; scene_position=&#8221;center&#8221; top_padding=&#8221;10%&#8221; bottom_padding=&#8221;5%&#8221; le&#8230;<\/p>\n","protected":false},"author":1,"featured_media":0,"parent":0,"menu_order":0,"comment_status":"closed","ping_status":"closed","template":"","meta":{"footnotes":""},"class_list":["post-299","page","type-page","status-publish"],"_links":{"self":[{"href":"https:\/\/topbrokeris.eu\/lt_LT\/wp-json\/wp\/v2\/pages\/299","targetHints":{"allow":["GET"]}}],"collection":[{"href":"https:\/\/topbrokeris.eu\/lt_LT\/wp-json\/wp\/v2\/pages"}],"about":[{"href":"https:\/\/topbrokeris.eu\/lt_LT\/wp-json\/wp\/v2\/types\/page"}],"author":[{"embeddable":true,"href":"https:\/\/topbrokeris.eu\/lt_LT\/wp-json\/wp\/v2\/users\/1"}],"replies":[{"embeddable":true,"href":"https:\/\/topbrokeris.eu\/lt_LT\/wp-json\/wp\/v2\/comments?post=299"}],"version-history":[{"count":43,"href":"https:\/\/topbrokeris.eu\/lt_LT\/wp-json\/wp\/v2\/pages\/299\/revisions"}],"predecessor-version":[{"id":578,"href":"https:\/\/topbrokeris.eu\/lt_LT\/wp-json\/wp\/v2\/pages\/299\/revisions\/578"}],"wp:attachment":[{"href":"https:\/\/topbrokeris.eu\/lt_LT\/wp-json\/wp\/v2\/media?parent=299"}],"curies":[{"name":"wp","href":"https:\/\/api.w.org\/{rel}","templated":true}]}}